{"id":28,"date":"2022-08-02T12:16:26","date_gmt":"2022-08-02T10:16:26","guid":{"rendered":"https:\/\/www.andrewgrauman.com\/?page_id=28"},"modified":"2024-02-13T14:05:18","modified_gmt":"2024-02-13T13:05:18","slug":"impressum","status":"publish","type":"page","link":"https:\/\/www.andrewgrauman.com\/de\/impressum\/","title":{"rendered":"Impressum"},"content":{"rendered":"<div id=\"pl-28\"  class=\"panel-layout\" ><div id=\"pg-28-0\"  class=\"panel-grid panel-no-style\" ><div id=\"pgc-28-0-0\"  class=\"panel-grid-cell\" ><div id=\"panel-28-0-0-0\" class=\"so-panel widget widget_sow-editor panel-first-child panel-last-child\" data-index=\"0\" ><div\n\t\t\t\n\t\t\tclass=\"so-widget-sow-editor so-widget-sow-editor-base\"\n\t\t\t\n\t\t>\n<div class=\"siteorigin-widget-tinymce textwidget\">\n\t<h1>Impressum<\/h1>\n<p>Fotograf Andrew Grauman Kramp<br \/>\nGiesebrechtstra\u00dfe 21<br \/>\n10629 Berlin<\/p>\n<p>+49 (0) 176 628 719 27<br \/>\n<a href=\"mailto:andrew@andrewgrauman.com\">andrew@andrewgrauman.com<\/a><\/p>\n<p>Die Inhalte und Werke auf dieser Website unterliegen dem deutschen Urheberrecht. Die Vervielf\u00e4ltigung, Bearbeitung, Verbreitung und jede Art der Verwertung au\u00dferhalb der Grenzen des Urheberrechtes bed\u00fcrfen der schriftlichen Zustimmung des jeweiligen Autors bzw. Erstellers. Unser Angebot enth\u00e4lt Links zu externen Webseiten Dritter, auf deren Inhalte wir keinen Einfluss haben. F\u00fcr die Inhalte der verlinkten Seiten ist stets der jeweilige Anbieter oder Betreiber der Seiten verantwortlich. F\u00fcr die Inhalte und die Richtigkeit der Informationen verlinkter Websites fremder Informations anbieter wird keine Gew\u00e4hr \u00fcbernommen. Die verlinkten Seiten wurden zum Zeitpunkt der Verlinkung auf m\u00f6gliche Rechtsverst\u00f6\u00dfe ohne Beanstandung \u00fcberpr\u00fcft. Bei bekannt werden von Rechtsverletzungen werden wir derartige Links umgehend entfernen.<\/p>\n<p>Fotos: Andrew Grauman Kramp<\/p>\n<\/div>\n<\/div><\/div><\/div><\/div><\/div>","protected":false},"excerpt":{"rendered":"<p>Impressum Fotograf Andrew Grauman Kramp Giesebrechtstra\u00dfe 21 10629 Berlin +49 (0) 176 628 719 27 andrew@andrewgrauman.com Die Inhalte und Werke auf dieser Website unterliegen dem deutschen Urheberrecht. Die Vervielf\u00e4ltigung, Bearbeitung, Verbreitung und jede Art der Verwertung au\u00dferhalb der Grenzen des Urheberrechtes bed\u00fcrfen der schriftlichen Zustimmung des jeweiligen Autors bzw. Erstellers. Unser Angebot enth\u00e4lt Links zu [&hellip;]<\/p>\n","protected":false},"author":1,"featured_media":0,"parent":0,"menu_order":0,"comment_status":"closed","ping_status":"closed","template":"","meta":{"_acf_changed":false,"footnotes":""},"class_list":["post-28","page","type-page","status-publish","hentry"],"acf":[],"yoast_head":"<!-- This site is optimized with the Yoast SEO plugin v26.9 - https:\/\/yoast.com\/product\/yoast-seo-wordpress\/ -->\n<title>Impressum | andrewgrauman<\/title>\n<meta name=\"robots\" content=\"index, follow, max-snippet:-1, max-image-preview:large, max-video-preview:-1\" \/>\n<link rel=\"canonical\" href=\"https:\/\/www.andrewgrauman.com\/de\/impressum\/\" \/>\n<meta property=\"og:locale\" content=\"de_DE\" \/>\n<meta property=\"og:type\" content=\"article\" \/>\n<meta property=\"og:title\" content=\"Impressum | andrewgrauman\" \/>\n<meta property=\"og:description\" content=\"Impressum Fotograf Andrew Grauman Kramp Giesebrechtstra\u00dfe 21 10629 Berlin +49 (0) 176 628 719 27 andrew@andrewgrauman.com Die Inhalte und Werke auf dieser Website unterliegen dem deutschen Urheberrecht. Die Vervielf\u00e4ltigung, Bearbeitung, Verbreitung und jede Art der Verwertung au\u00dferhalb der Grenzen des Urheberrechtes bed\u00fcrfen der schriftlichen Zustimmung des jeweiligen Autors bzw. Erstellers. Unser Angebot enth\u00e4lt Links zu [&hellip;]\" \/>\n<meta property=\"og:url\" content=\"https:\/\/www.andrewgrauman.com\/de\/impressum\/\" \/>\n<meta property=\"og:site_name\" content=\"andrewgrauman\" \/>\n<meta property=\"article:modified_time\" content=\"2024-02-13T13:05:18+00:00\" \/>\n<meta name=\"twitter:card\" content=\"summary_large_image\" \/>\n<meta name=\"twitter:label1\" content=\"Gesch\u00e4tzte Lesezeit\" \/>\n\t<meta name=\"twitter:data1\" content=\"1\u00a0Minute\" \/>\n<script type=\"application\/ld+json\" class=\"yoast-schema-graph\">{\"@context\":\"https:\/\/schema.org\",\"@graph\":[{\"@type\":\"WebPage\",\"@id\":\"https:\/\/www.andrewgrauman.com\/de\/impressum\/\",\"url\":\"https:\/\/www.andrewgrauman.com\/de\/impressum\/\",\"name\":\"Impressum | andrewgrauman\",\"isPartOf\":{\"@id\":\"https:\/\/www.andrewgrauman.com\/de\/#website\"},\"datePublished\":\"2022-08-02T10:16:26+00:00\",\"dateModified\":\"2024-02-13T13:05:18+00:00\",\"breadcrumb\":{\"@id\":\"https:\/\/www.andrewgrauman.com\/de\/impressum\/#breadcrumb\"},\"inLanguage\":\"de\",\"potentialAction\":[{\"@type\":\"ReadAction\",\"target\":[\"https:\/\/www.andrewgrauman.com\/de\/impressum\/\"]}]},{\"@type\":\"BreadcrumbList\",\"@id\":\"https:\/\/www.andrewgrauman.com\/de\/impressum\/#breadcrumb\",\"itemListElement\":[{\"@type\":\"ListItem\",\"position\":1,\"name\":\"Startseite\",\"item\":\"https:\/\/www.andrewgrauman.com\/de\/\"},{\"@type\":\"ListItem\",\"position\":2,\"name\":\"Impressum\"}]},{\"@type\":\"WebSite\",\"@id\":\"https:\/\/www.andrewgrauman.com\/de\/#website\",\"url\":\"https:\/\/www.andrewgrauman.com\/de\/\",\"name\":\"andrewgrauman\",\"description\":\"\",\"potentialAction\":[{\"@type\":\"SearchAction\",\"target\":{\"@type\":\"EntryPoint\",\"urlTemplate\":\"https:\/\/www.andrewgrauman.com\/de\/?s={search_term_string}\"},\"query-input\":{\"@type\":\"PropertyValueSpecification\",\"valueRequired\":true,\"valueName\":\"search_term_string\"}}],\"inLanguage\":\"de\"}]}<\/script>\n<!-- \/ Yoast SEO plugin. -->","yoast_head_json":{"title":"Impressum | andrewgrauman","robots":{"index":"index","follow":"follow","max-snippet":"max-snippet:-1","max-image-preview":"max-image-preview:large","max-video-preview":"max-video-preview:-1"},"canonical":"https:\/\/www.andrewgrauman.com\/de\/impressum\/","og_locale":"de_DE","og_type":"article","og_title":"Impressum | andrewgrauman","og_description":"Impressum Fotograf Andrew Grauman Kramp Giesebrechtstra\u00dfe 21 10629 Berlin +49 (0) 176 628 719 27 andrew@andrewgrauman.com Die Inhalte und Werke auf dieser Website unterliegen dem deutschen Urheberrecht. Die Vervielf\u00e4ltigung, Bearbeitung, Verbreitung und jede Art der Verwertung au\u00dferhalb der Grenzen des Urheberrechtes bed\u00fcrfen der schriftlichen Zustimmung des jeweiligen Autors bzw. Erstellers. Unser Angebot enth\u00e4lt Links zu [&hellip;]","og_url":"https:\/\/www.andrewgrauman.com\/de\/impressum\/","og_site_name":"andrewgrauman","article_modified_time":"2024-02-13T13:05:18+00:00","twitter_card":"summary_large_image","twitter_misc":{"Gesch\u00e4tzte Lesezeit":"1\u00a0Minute"},"schema":{"@context":"https:\/\/schema.org","@graph":[{"@type":"WebPage","@id":"https:\/\/www.andrewgrauman.com\/de\/impressum\/","url":"https:\/\/www.andrewgrauman.com\/de\/impressum\/","name":"Impressum | andrewgrauman","isPartOf":{"@id":"https:\/\/www.andrewgrauman.com\/de\/#website"},"datePublished":"2022-08-02T10:16:26+00:00","dateModified":"2024-02-13T13:05:18+00:00","breadcrumb":{"@id":"https:\/\/www.andrewgrauman.com\/de\/impressum\/#breadcrumb"},"inLanguage":"de","potentialAction":[{"@type":"ReadAction","target":["https:\/\/www.andrewgrauman.com\/de\/impressum\/"]}]},{"@type":"BreadcrumbList","@id":"https:\/\/www.andrewgrauman.com\/de\/impressum\/#breadcrumb","itemListElement":[{"@type":"ListItem","position":1,"name":"Startseite","item":"https:\/\/www.andrewgrauman.com\/de\/"},{"@type":"ListItem","position":2,"name":"Impressum"}]},{"@type":"WebSite","@id":"https:\/\/www.andrewgrauman.com\/de\/#website","url":"https:\/\/www.andrewgrauman.com\/de\/","name":"andrewgrauman","description":"","potentialAction":[{"@type":"SearchAction","target":{"@type":"EntryPoint","urlTemplate":"https:\/\/www.andrewgrauman.com\/de\/?s={search_term_string}"},"query-input":{"@type":"PropertyValueSpecification","valueRequired":true,"valueName":"search_term_string"}}],"inLanguage":"de"}]}},"_links":{"self":[{"href":"https:\/\/www.andrewgrauman.com\/de\/wp-json\/wp\/v2\/pages\/28","targetHints":{"allow":["GET"]}}],"collection":[{"href":"https:\/\/www.andrewgrauman.com\/de\/wp-json\/wp\/v2\/pages"}],"about":[{"href":"https:\/\/www.andrewgrauman.com\/de\/wp-json\/wp\/v2\/types\/page"}],"author":[{"embeddable":true,"href":"https:\/\/www.andrewgrauman.com\/de\/wp-json\/wp\/v2\/users\/1"}],"replies":[{"embeddable":true,"href":"https:\/\/www.andrewgrauman.com\/de\/wp-json\/wp\/v2\/comments?post=28"}],"version-history":[{"count":2,"href":"https:\/\/www.andrewgrauman.com\/de\/wp-json\/wp\/v2\/pages\/28\/revisions"}],"predecessor-version":[{"id":3329,"href":"https:\/\/www.andrewgrauman.com\/de\/wp-json\/wp\/v2\/pages\/28\/revisions\/3329"}],"wp:attachment":[{"href":"https:\/\/www.andrewgrauman.com\/de\/wp-json\/wp\/v2\/media?parent=28"}],"curies":[{"name":"wp","href":"https:\/\/api.w.org\/{rel}","templated":true}]}}