{"id":2916,"date":"2023-11-21T16:33:04","date_gmt":"2023-11-21T15:33:04","guid":{"rendered":"https:\/\/www.andrewgrauman.com\/?page_id=2916"},"modified":"2026-03-02T13:46:23","modified_gmt":"2026-03-02T12:46:23","slug":"preisliste","status":"publish","type":"page","link":"https:\/\/www.andrewgrauman.com\/de\/preisliste\/","title":{"rendered":"Preisliste"},"content":{"rendered":"<div id=\"pl-2916\"  class=\"panel-layout\" ><div id=\"pg-2916-0\"  class=\"panel-grid panel-no-style\" ><div id=\"pgc-2916-0-0\"  class=\"panel-grid-cell\" ><div id=\"panel-2916-0-0-0\" class=\"so-panel widget widget_sow-editor panel-first-child panel-last-child\" data-index=\"0\" ><div class=\"uk-text-center panel-widget-style panel-widget-style-for-2916-0-0-0\" ><div\n\t\t\t\n\t\t\tclass=\"so-widget-sow-editor so-widget-sow-editor-base\"\n\t\t\t\n\t\t>\n<div class=\"siteorigin-widget-tinymce textwidget\">\n\t<h1>PREISLISTE F\u00dcR FOTOSHOOTINGS<\/h1>\n<hr class=\"fn-title-break uk-align-center\" \/>\n<p>Hier erhalten Sie einen \u00dcberblick \u00fcber die Fotoshooting-Preise. Ob Sie einen Fotografen f\u00fcr Ihr Event, einen Modefotografen oder einen Portr\u00e4tfotografen ben\u00f6tigen, ich unterst\u00fctze Sie mit Expertise, Engagement, Professionalit\u00e4t und Kreativit\u00e4t bei Ihrem Fotoprojekt.<\/p>\n<p>Alle Preise beinhalten eine grundlegende Bearbeitung, sodass Helligkeit, Kontrast und Komposition optimiert werden.<\/p>\n<\/div>\n<\/div><\/div><\/div><\/div><\/div><div id=\"pg-2916-1\"  class=\"panel-grid panel-has-style\" ><div class=\"uk-height-large siteorigin-panels-stretch panel-row-style panel-row-style-for-2916-1\" data-stretch-type=\"full-width-stretch\" ><div id=\"pgc-2916-1-0\"  class=\"panel-grid-cell panel-grid-cell-empty\" ><\/div><\/div><\/div><div id=\"pg-2916-2\"  class=\"panel-grid panel-no-style\" ><div id=\"pgc-2916-2-0\"  class=\"panel-grid-cell\" ><div id=\"panel-2916-2-0-0\" class=\"so-panel widget widget_sow-editor panel-first-child panel-last-child\" data-index=\"1\" ><div class=\"uk-text-center panel-widget-style panel-widget-style-for-2916-2-0-0\" ><div\n\t\t\t\n\t\t\tclass=\"so-widget-sow-editor so-widget-sow-editor-base\"\n\t\t\t\n\t\t>\n<div class=\"siteorigin-widget-tinymce textwidget\">\n\t<h2>FOTOSHOOTING-PREISE F\u00dcR EVENTFOTOGRAFIE<\/h2>\n<hr class=\"fn-title-break uk-align-center\" \/>\n<p>Als einer der f\u00fchrenden Eventfotografen in Berlin und in ganz Deutschland verf\u00fcge ich \u00fcber jahrelange Erfahrung und Expertise in der <strong>Eventfotografie<\/strong>. Ob f\u00fcr ein Branding-Event, eine Firmenfeier, eine Konferenz, ein Fashion-Event oder eine Private Party, ich helfe meinen Kunden, das richtige Publikum mit der richtigen Botschaft zu erreichen.<\/p>\n<p>Ich halte all die besonderen Momente und die Atmosph\u00e4re Ihrer Veranstaltung auf innovative, aber unaufdringliche Weise fest, was zu atemberaubenden Fotos f\u00fchrt, die Sie von Ihrer Konkurrenz abheben und Ihre Veranstaltung fantastisch aussehen lassen.<\/p>\n<p>In einem Vorgespr\u00e4ch besprechen wir alle Details Ihres Events und besprechen Ihre genauen W\u00fcnsche und Ziele f\u00fcr das Shooting.<\/p>\n<p>Sie erhalten ca. 40-50 Fotos pro Aufnahmestunde. Alle Fotos werden nachbearbeitet, sodass Helligkeit, Kontrast und Komposition optimiert werden. <strong>Alle Preise beinhalten die Nachbearbeitungszeit<\/strong>.<\/p>\n<p><strong>Kontaktieren Sie mich bitte f\u00fcr ein Angebot<\/strong>.<\/p>\n<\/div>\n<\/div><\/div><\/div><\/div><\/div><div id=\"pg-2916-3\"  class=\"panel-grid panel-has-style\" ><div class=\"uk-height-large siteorigin-panels-stretch panel-row-style panel-row-style-for-2916-3\" data-stretch-type=\"full-width-stretch\" ><div id=\"pgc-2916-3-0\"  class=\"panel-grid-cell panel-grid-cell-empty\" ><\/div><\/div><\/div><div id=\"pg-2916-4\"  class=\"panel-grid panel-no-style\" ><div id=\"pgc-2916-4-0\"  class=\"panel-grid-cell\" ><div id=\"panel-2916-4-0-0\" class=\"so-panel widget widget_sow-editor panel-first-child panel-last-child\" data-index=\"2\" ><div class=\"uk-text-center panel-widget-style panel-widget-style-for-2916-4-0-0\" ><div\n\t\t\t\n\t\t\tclass=\"so-widget-sow-editor so-widget-sow-editor-base\"\n\t\t\t\n\t\t>\n<div class=\"siteorigin-widget-tinymce textwidget\">\n\t<h2>FOTOSHOOTING-PREISE F\u00dcR BUSINESS-PORTRAITS<\/h2>\n<hr class=\"fn-title-break uk-align-center\" \/>\n<p>Ganz gleich ob Sie Gesch\u00e4ftsmann, Politiker, Schauspieler oder K\u00fcnstler sind: Sie brauchen Fotos, die Ihre Pers\u00f6nlichkeit erfassen und Sie und Ihre Marke effektiv vermarkten. Ich helfe Ihnen dabei, Ihre pers\u00f6nlichen und beruflichen Ziele zu erreichen, indem wir wirkungsvolle Fotos erstellen, die Sie von Ihren Wettbewerbern abheben.<\/p>\n<p>In einem Vorgespr\u00e4ch besprechen wir Ihre genauen W\u00fcnsche und Vorstellungen f\u00fcr das Shooting. Die Fotoshooting-Preise richten sich unter anderem danach, ob Ihr Shooting in meinem Studio oder einem Ort Ihrer Wahl stattfindet.<\/p>\n<h3>Business Portraits im Studio<\/h3>\n<p>** Aktuell bieten wir leider keine Shootings im Studio an **<\/p>\n<p>Pro Shooting-Stunde erhalten Sie 3 professionell bearbeitete Aufnahmen, jedes weitere Foto kostet 30,\u2013 \u20ac. F\u00fcr jedes einzelne Foto werden Helligkeit, Kontrast und Ausschnittsgestaltung optimiert. Sie erhalten die Fotos als Dateien in hoher Aufl\u00f6sung auf einer DVD und\/oder per Onlinetransfer.<\/p>\n<h3>Business Portraits vor Ort (Arbeitsort oder Ort Ihrer Wahl)<\/h3>\n<p>F\u00fcr eine Vor-Ort-Aufnahme bringe ich professionelle Beleuchtung und einen mobilen Hintergrund in Ihr B\u00fcro oder an Ihren Wunsch-Ort, um die perfekte \u201eStudiobeleuchtung\u201c in einer \u201eechten\u201c Umgebung zu schaffen. Pro Stunde Shooting erhalten Sie 3 Fotos, jedes weitere Foto kostet 30,\u2013 \u20ac. F\u00fcr jedes einzelne Foto werden Helligkeit, Kontrast und Ausschnittsgestaltung optimiert. Sie erhalten die Fotos als Dateien in hoher Aufl\u00f6sung auf einer DVD und\/oder per Onlinetransfer.<\/p>\n<p>Preis: 600,\u2013 \u20ac netto zzgl. MwSt. f\u00fcr zwei Stunden<\/p>\n<\/div>\n<\/div><\/div><\/div><\/div><\/div><div id=\"pg-2916-5\"  class=\"panel-grid panel-has-style\" ><div class=\"uk-height-large siteorigin-panels-stretch panel-row-style panel-row-style-for-2916-5\" data-stretch-type=\"full-width-stretch\" ><div id=\"pgc-2916-5-0\"  class=\"panel-grid-cell panel-grid-cell-empty\" ><\/div><\/div><\/div><div id=\"pg-2916-6\"  class=\"panel-grid panel-no-style\" ><div id=\"pgc-2916-6-0\"  class=\"panel-grid-cell\" ><div id=\"panel-2916-6-0-0\" class=\"so-panel widget widget_sow-editor panel-first-child panel-last-child\" data-index=\"3\" ><div class=\"uk-text-center panel-widget-style panel-widget-style-for-2916-6-0-0\" ><div\n\t\t\t\n\t\t\tclass=\"so-widget-sow-editor so-widget-sow-editor-base\"\n\t\t\t\n\t\t>\n<div class=\"siteorigin-widget-tinymce textwidget\">\n\t<h2>FOTOSHOOTING-PREISE F\u00dcR PORTRAITFOTOGRAFIE<\/h2>\n<hr class=\"fn-title-break uk-align-center\" \/>\n<p>Ich bin ein professioneller People-Fotograf in Berlin, der stilvolle, hochwertige Portraits anbietet, die das Wesentliche von Ihnen einfangen. Ich nutze meine Expertise in Mode- und\u00a0<a title=\"Portraitfotografie Berlin\" href=\"https:\/\/www.andrewgrauman.com\/de\/galleries\/portrait-fotografie-people\/\">Portraitfotografie<\/a>, setze professionelle Beleuchtung, Kulissen und Posen ein und wende sie auf Ihre Portraitaufnahmen an.<\/p>\n<p>So entstehen markante, ins-Auge-springende Portr\u00e4ts \u2013 egal, ob Sie Fotos zur beruflichen oder pers\u00f6nlichen Verwendung ben\u00f6tigen, ob f\u00fcr Ihr pers\u00f6nliches Marketing oder das Ihres Unternehmens oder aber als Geschenk f\u00fcr Ihre Familie, Ihre\/n Partner\/-in oder Ihre Freunde. Ich lasse Sie bestens aussehen!<\/p>\n<p>In einem Vorgespr\u00e4ch besprechen wir Ihre genauen W\u00fcnsche und Vorstellungen f\u00fcr das Shooting. Die Fotoshooting-Preise richten sich unter anderem danach, ob Ihr Shooting im Studio oder einem Ort Ihrer Wahl stattfindet.<\/p>\n<h3>Private Portraits im Studio (Model Portfolio, Sedcard, Boudoir und kreative Portraits)<\/h3>\n<p>Pro Stunde Shooting erhalten Sie 3 Fotos. Diese Fotos werden professionell bearbeitet f\u00fcr die Retusche der Haut und so dass Helligkeit, Kontrast und Ausschnittsgestaltung optimiert sind. Sie erhalten die Fotos als Dateien in hoher Aufl\u00f6sung per Onlinetransfer.\u00a0<strong>Alle Preise beinhalten die Nachbearbeitungszeit<\/strong>. Jedes weitere Foto kostet \u20ac30.<\/p>\n<ul class=\"uk-list\">\n<li>Preis: 720,\u2013 \u20ac netto zzgl. MwSt. f\u00fcr drei Stunden<\/li>\n<li>Preis: 860,\u2013 \u20ac netto zzgl. MwSt. f\u00fcr vier Stunden<\/li>\n<\/ul>\n<p>Make-Up und Hairstyling (optional):<br \/>\nPreis : circa 300,\u2013 \u20ac brutto<\/p>\n<h3>Private Portraits vor Ort (zu Hause oder Ort Ihrer Wahl)<\/h3>\n<p>Pro Stunde Shooting erhalten Sie 3 Fotos. Diese Fotos werden professionell bearbeitet f\u00fcr die Retusche der Haut und so dass Helligkeit, Kontrast und Ausschnittsgestaltung optimiert sind. Sie erhalten die Fotos als Dateien in hoher Aufl\u00f6sung per Onlinetransfer.\u00a0<strong>Alle Preise beinhalten die Nachbearbeitungszeit<\/strong>. Jedes weitere Foto kostet \u20ac30.<\/p>\n<ul class=\"uk-list\">\n<li>Preis: 760,\u2013 \u20ac netto zzgl. MwSt. f\u00fcr drei Stunden<\/li>\n<li>Preis: 900,\u2013 \u20ac netto zzgl. MwSt. f\u00fcr vier Stunden<\/li>\n<\/ul>\n<p>Make-Up und Hairstyling (optional):<br \/>\nPreis : circa 300,\u2013 \u20ac brutto.<\/p>\n<p>&nbsp;<\/p>\n<p><a class=\"uk-button uk-button-primary\" href=\"https:\/\/www.andrewgrauman.com\/de\/kontakt\/\">ANFRAGE<\/a><\/p>\n<\/div>\n<\/div><\/div><\/div><\/div><\/div><div id=\"pg-2916-7\"  class=\"panel-grid panel-has-style\" ><div class=\"uk-height-large siteorigin-panels-stretch panel-row-style panel-row-style-for-2916-7\" data-stretch-type=\"full-width-stretch\" ><div id=\"pgc-2916-7-0\"  class=\"panel-grid-cell panel-grid-cell-empty\" ><\/div><\/div><\/div><div id=\"pg-2916-8\"  class=\"panel-grid panel-no-style\" ><div id=\"pgc-2916-8-0\"  class=\"panel-grid-cell\" ><div id=\"panel-2916-8-0-0\" class=\"so-panel widget widget_sow-editor panel-first-child panel-last-child\" data-index=\"4\" ><div class=\"uk-text-center panel-widget-style panel-widget-style-for-2916-8-0-0\" ><div\n\t\t\t\n\t\t\tclass=\"so-widget-sow-editor so-widget-sow-editor-base\"\n\t\t\t\n\t\t>\n<div class=\"siteorigin-widget-tinymce textwidget\">\n\t<h2>FOTOSHOOTING-PREISE F\u00dcR FASHION FOTOGRAFIE<\/h2>\n<hr class=\"fn-title-break uk-align-center\" \/>\n<p>Ich biete Lifestyle-, Beauty-, Glamour- und\u00a0<a title=\"Mode-Fotografie Berlin\" href=\"https:\/\/www.andrewgrauman.com\/de\/galleries\/fashion-fotografie-portfolio\/\">Mode-Fotografie<\/a>\u00a0und arbeite eng mit dem Kunden zusammen, um eine visuelle Darstellung ihrer Marke zu schaffen.<\/p>\n<p>Ich mache auch Katalog-, Lookbook- und Sedcard-Shootings. Meine Vorgehensweise ist zeitgen\u00f6ssisch, sauber, elegant und sinnlich und zeichnet sich durch anspruchsvolle Beleuchtung, kr\u00e4ftige Farben und einzigartige Posen aus. Meine Arbeit ist in zahlreichen Zeitschriften wie Elegant, Ell\u00e9ments, Institute, Interview, Lucy\u2019s, and Scorpio Jin erschienen.<\/p>\n<p>Die Preise sind verhandelbar und immer abh\u00e4ngig von der Arbeit und ihren Anforderungen. Bitte kontaktieren Sie mich f\u00fcr ein Angebot.<\/p>\n<p>Make-Up und Hairstyling (optional):<br \/>\nPreis : circa 300,\u2013 \u20ac brutto.<\/p>\n<p>&nbsp;<\/p>\n<p><a class=\"uk-button uk-button-primary\" href=\"https:\/\/www.andrewgrauman.com\/de\/kontakt\/\">ANFRAGE<\/a><\/p>\n<\/div>\n<\/div><\/div><\/div><\/div><\/div><\/div>","protected":false},"excerpt":{"rendered":"<p>PREISLISTE F\u00dcR FOTOSHOOTINGS Hier erhalten Sie einen \u00dcberblick \u00fcber die Fotoshooting-Preise. Ob Sie einen Fotografen f\u00fcr Ihr Event, einen Modefotografen oder einen Portr\u00e4tfotografen ben\u00f6tigen, ich unterst\u00fctze Sie mit Expertise, Engagement, Professionalit\u00e4t und Kreativit\u00e4t bei Ihrem Fotoprojekt. Alle Preise beinhalten eine grundlegende Bearbeitung, sodass Helligkeit, Kontrast und Komposition optimiert werden.<\/p>\n","protected":false},"author":1,"featured_media":0,"parent":0,"menu_order":0,"comment_status":"closed","ping_status":"closed","template":"","meta":{"_acf_changed":false,"footnotes":""},"class_list":["post-2916","page","type-page","status-publish","hentry"],"acf":[],"yoast_head":"<!-- This site is optimized with the Yoast SEO plugin v26.9 - https:\/\/yoast.com\/product\/yoast-seo-wordpress\/ -->\n<title>Preisliste \u2013 Professioneller Fotograf in Berlin \u2013 Andrew Grauman<\/title>\n<meta name=\"description\" content=\"Preise meiner Leistungen in der Fotografie \u271a Wirkungsvolle Fotos \u271a Langj\u00e4hrige Erfahrung \u2713 Internationale Kunden \u2713 Jetzt anfragen!\" \/>\n<meta name=\"robots\" content=\"index, follow, max-snippet:-1, max-image-preview:large, max-video-preview:-1\" \/>\n<link rel=\"canonical\" href=\"https:\/\/www.andrewgrauman.com\/de\/preisliste\/\" \/>\n<meta property=\"og:locale\" content=\"de_DE\" \/>\n<meta property=\"og:type\" content=\"article\" \/>\n<meta property=\"og:title\" content=\"Preisliste \u2013 Professioneller Fotograf in Berlin \u2013 Andrew Grauman\" \/>\n<meta property=\"og:description\" content=\"Preise meiner Leistungen in der Fotografie \u271a Wirkungsvolle Fotos \u271a Langj\u00e4hrige Erfahrung \u2713 Internationale Kunden \u2713 Jetzt anfragen!\" \/>\n<meta property=\"og:url\" content=\"https:\/\/www.andrewgrauman.com\/de\/preisliste\/\" \/>\n<meta property=\"og:site_name\" content=\"andrewgrauman\" \/>\n<meta property=\"article:modified_time\" content=\"2026-03-02T12:46:23+00:00\" \/>\n<meta name=\"twitter:card\" content=\"summary_large_image\" \/>\n<meta name=\"twitter:label1\" content=\"Gesch\u00e4tzte Lesezeit\" \/>\n\t<meta name=\"twitter:data1\" content=\"5\u00a0Minuten\" \/>\n<script type=\"application\/ld+json\" class=\"yoast-schema-graph\">{\"@context\":\"https:\/\/schema.org\",\"@graph\":[{\"@type\":\"WebPage\",\"@id\":\"https:\/\/www.andrewgrauman.com\/de\/preisliste\/\",\"url\":\"https:\/\/www.andrewgrauman.com\/de\/preisliste\/\",\"name\":\"Preisliste \u2013 Professioneller Fotograf in Berlin \u2013 Andrew Grauman\",\"isPartOf\":{\"@id\":\"https:\/\/www.andrewgrauman.com\/de\/#website\"},\"datePublished\":\"2023-11-21T15:33:04+00:00\",\"dateModified\":\"2026-03-02T12:46:23+00:00\",\"description\":\"Preise meiner Leistungen in der Fotografie \u271a Wirkungsvolle Fotos \u271a Langj\u00e4hrige Erfahrung \u2713 Internationale Kunden \u2713 Jetzt anfragen!\",\"breadcrumb\":{\"@id\":\"https:\/\/www.andrewgrauman.com\/de\/preisliste\/#breadcrumb\"},\"inLanguage\":\"de\",\"potentialAction\":[{\"@type\":\"ReadAction\",\"target\":[\"https:\/\/www.andrewgrauman.com\/de\/preisliste\/\"]}]},{\"@type\":\"BreadcrumbList\",\"@id\":\"https:\/\/www.andrewgrauman.com\/de\/preisliste\/#breadcrumb\",\"itemListElement\":[{\"@type\":\"ListItem\",\"position\":1,\"name\":\"Startseite\",\"item\":\"https:\/\/www.andrewgrauman.com\/de\/\"},{\"@type\":\"ListItem\",\"position\":2,\"name\":\"Preisliste\"}]},{\"@type\":\"WebSite\",\"@id\":\"https:\/\/www.andrewgrauman.com\/de\/#website\",\"url\":\"https:\/\/www.andrewgrauman.com\/de\/\",\"name\":\"andrewgrauman\",\"description\":\"\",\"potentialAction\":[{\"@type\":\"SearchAction\",\"target\":{\"@type\":\"EntryPoint\",\"urlTemplate\":\"https:\/\/www.andrewgrauman.com\/de\/?s={search_term_string}\"},\"query-input\":{\"@type\":\"PropertyValueSpecification\",\"valueRequired\":true,\"valueName\":\"search_term_string\"}}],\"inLanguage\":\"de\"}]}<\/script>\n<!-- \/ Yoast SEO plugin. -->","yoast_head_json":{"title":"Preisliste \u2013 Professioneller Fotograf in Berlin \u2013 Andrew Grauman","description":"Preise meiner Leistungen in der Fotografie \u271a Wirkungsvolle Fotos \u271a Langj\u00e4hrige Erfahrung \u2713 Internationale Kunden \u2713 Jetzt anfragen!","robots":{"index":"index","follow":"follow","max-snippet":"max-snippet:-1","max-image-preview":"max-image-preview:large","max-video-preview":"max-video-preview:-1"},"canonical":"https:\/\/www.andrewgrauman.com\/de\/preisliste\/","og_locale":"de_DE","og_type":"article","og_title":"Preisliste \u2013 Professioneller Fotograf in Berlin \u2013 Andrew Grauman","og_description":"Preise meiner Leistungen in der Fotografie \u271a Wirkungsvolle Fotos \u271a Langj\u00e4hrige Erfahrung \u2713 Internationale Kunden \u2713 Jetzt anfragen!","og_url":"https:\/\/www.andrewgrauman.com\/de\/preisliste\/","og_site_name":"andrewgrauman","article_modified_time":"2026-03-02T12:46:23+00:00","twitter_card":"summary_large_image","twitter_misc":{"Gesch\u00e4tzte Lesezeit":"5\u00a0Minuten"},"schema":{"@context":"https:\/\/schema.org","@graph":[{"@type":"WebPage","@id":"https:\/\/www.andrewgrauman.com\/de\/preisliste\/","url":"https:\/\/www.andrewgrauman.com\/de\/preisliste\/","name":"Preisliste \u2013 Professioneller Fotograf in Berlin \u2013 Andrew Grauman","isPartOf":{"@id":"https:\/\/www.andrewgrauman.com\/de\/#website"},"datePublished":"2023-11-21T15:33:04+00:00","dateModified":"2026-03-02T12:46:23+00:00","description":"Preise meiner Leistungen in der Fotografie \u271a Wirkungsvolle Fotos \u271a Langj\u00e4hrige Erfahrung \u2713 Internationale Kunden \u2713 Jetzt anfragen!","breadcrumb":{"@id":"https:\/\/www.andrewgrauman.com\/de\/preisliste\/#breadcrumb"},"inLanguage":"de","potentialAction":[{"@type":"ReadAction","target":["https:\/\/www.andrewgrauman.com\/de\/preisliste\/"]}]},{"@type":"BreadcrumbList","@id":"https:\/\/www.andrewgrauman.com\/de\/preisliste\/#breadcrumb","itemListElement":[{"@type":"ListItem","position":1,"name":"Startseite","item":"https:\/\/www.andrewgrauman.com\/de\/"},{"@type":"ListItem","position":2,"name":"Preisliste"}]},{"@type":"WebSite","@id":"https:\/\/www.andrewgrauman.com\/de\/#website","url":"https:\/\/www.andrewgrauman.com\/de\/","name":"andrewgrauman","description":"","potentialAction":[{"@type":"SearchAction","target":{"@type":"EntryPoint","urlTemplate":"https:\/\/www.andrewgrauman.com\/de\/?s={search_term_string}"},"query-input":{"@type":"PropertyValueSpecification","valueRequired":true,"valueName":"search_term_string"}}],"inLanguage":"de"}]}},"_links":{"self":[{"href":"https:\/\/www.andrewgrauman.com\/de\/wp-json\/wp\/v2\/pages\/2916","targetHints":{"allow":["GET"]}}],"collection":[{"href":"https:\/\/www.andrewgrauman.com\/de\/wp-json\/wp\/v2\/pages"}],"about":[{"href":"https:\/\/www.andrewgrauman.com\/de\/wp-json\/wp\/v2\/types\/page"}],"author":[{"embeddable":true,"href":"https:\/\/www.andrewgrauman.com\/de\/wp-json\/wp\/v2\/users\/1"}],"replies":[{"embeddable":true,"href":"https:\/\/www.andrewgrauman.com\/de\/wp-json\/wp\/v2\/comments?post=2916"}],"version-history":[{"count":21,"href":"https:\/\/www.andrewgrauman.com\/de\/wp-json\/wp\/v2\/pages\/2916\/revisions"}],"predecessor-version":[{"id":4068,"href":"https:\/\/www.andrewgrauman.com\/de\/wp-json\/wp\/v2\/pages\/2916\/revisions\/4068"}],"wp:attachment":[{"href":"https:\/\/www.andrewgrauman.com\/de\/wp-json\/wp\/v2\/media?parent=2916"}],"curies":[{"name":"wp","href":"https:\/\/api.w.org\/{rel}","templated":true}]}}