{"id":3094,"date":"2024-01-09T15:17:27","date_gmt":"2024-01-09T14:17:27","guid":{"rendered":"https:\/\/www.andrewgrauman.com\/?page_id=3094"},"modified":"2025-07-25T10:38:58","modified_gmt":"2025-07-25T08:38:58","slug":"portraitfotograf-berlin","status":"publish","type":"page","link":"https:\/\/www.andrewgrauman.com\/de\/portraitfotograf-berlin\/","title":{"rendered":"Portrait"},"content":{"rendered":"<div id=\"pl-3094\"  class=\"panel-layout\" ><div id=\"pg-3094-0\"  class=\"panel-grid panel-no-style\" ><div id=\"pgc-3094-0-0\"  class=\"panel-grid-cell\" ><div id=\"panel-3094-0-0-0\" class=\"so-panel widget widget_sow-editor panel-first-child panel-last-child\" data-index=\"0\" ><div class=\"uk-text-center panel-widget-style panel-widget-style-for-3094-0-0-0\" ><div\n\t\t\t\n\t\t\tclass=\"so-widget-sow-editor so-widget-sow-editor-base\"\n\t\t\t\n\t\t>\n<div class=\"siteorigin-widget-tinymce textwidget\">\n\t<h1 style=\"text-align: center;\">Portraitfotografie in Berlin \u2013 Authentisch, kreativ, ausdrucksstark<\/h1>\n<hr class=\"fn-title-break uk-align-center\" \/>\n<p style=\"text-align: left;\">Hallo, ich bin Andrew Grauman, professioneller und leidenschaftlicher <a title=\"Fotograf in Berlin\" href=\"https:\/\/www.andrewgrauman.com\/de\/\">Fotograf in Berlin<\/a> mit Schwerpunkt auf <strong>Portraitfotografie. <\/strong>Zu meinen Kunden geh\u00f6ren Gesch\u00e4ftsf\u00fchrer, Politiker, K\u00fcnstler, Musiker und Schauspieler. Mit meiner <strong>Portraitfotografie in Berlin <\/strong>m\u00f6chte ich etwas Sch\u00f6nes zu schaffen, das auch den W\u00fcnschen des Kunden entspricht.<br \/>\nDie Zufriedenheit meiner Kunden hat f\u00fcr mich oberste Priorit\u00e4t.<\/p>\n<p style=\"text-align: left;\">Ich fotografiere sowohl im Studio als auch an Orten, die eine besondere Atmosph\u00e4re schaffen \u2013 im Park, im Hotel oder bei Ihnen zu Hause. Mit Erfahrung, einem geschulten Blick und viel Feingef\u00fchl entstehen <strong>professionelle Portraitfotos<\/strong>, die lebendig, ausdrucksstark und nat\u00fcrlich wirken.<\/p>\n<p style=\"text-align: left;\">Gerne berate ich Sie vorab telefonisch oder per E-Mail. Nehmen Sie gern <a href=\"https:\/\/www.andrewgrauman.com\/de\/kontakt\/\">Kontakt<\/a> auf und buchen Sie Ihr Portrait- Fotoshooting in Berlin!<\/p>\n<\/div>\n<\/div><\/div><\/div><\/div><\/div><div id=\"pg-3094-1\"  class=\"panel-grid panel-no-style\" ><div id=\"pgc-3094-1-0\"  class=\"panel-grid-cell\" ><div id=\"panel-3094-1-0-0\" class=\"so-panel widget widget_sow-editor panel-first-child panel-last-child\" data-index=\"1\" ><div class=\"uk-text-center panel-widget-style panel-widget-style-for-3094-1-0-0\" ><div\n\t\t\t\n\t\t\tclass=\"so-widget-sow-editor so-widget-sow-editor-base\"\n\t\t\t\n\t\t>\n<div class=\"siteorigin-widget-tinymce textwidget\">\n\t<h2 style=\"text-align: left;\">Ihr Portraitfotograf in Berlin: Meine Schwerpunkte &amp; kreative Arbeiten<\/h2>\n<p style=\"text-align: left;\">Ich unterst\u00fctze Unternehmen, K\u00fcnstler und Privatpersonen dabei, mit \u00e4sthetischen Portraits Inhalte zu schaffen, die Menschen erreichen und ber\u00fchren. Dabei entstehen Aufnahmen, die Ihre Ausstrahlung und Pr\u00e4senz unterstreichen und Ihre Geschichte erz\u00e4hlen. Aus meiner langj\u00e4hrigen Erfahrung in der<strong> Portraitfotografie in Berlin<\/strong> haben sich verschiedene Schwerpunkte entwickelt: Corporate Headshots, Executive- und Business-Portr\u00e4ts, Celebrity- und Glamour-Portr\u00e4ts, Aktshootings sowie Portraits f\u00fcr Menschen, die das Besondere suchen. Die Fotos eignen sich f\u00fcr Social Media, PR, Branding oder als bleibende Erinnerung.<\/p>\n<p>&nbsp;<\/p>\n<div class=\"uk-text-center\" style=\"text-align: center;\"><a class=\"uk-button uk-button-default uk-display-inline-block\" href=\"https:\/\/www.andrewgrauman.com\/de\/kontakt\/\">Jetzt anfragen<\/a><\/div>\n<\/div>\n<\/div><\/div><\/div><\/div><\/div><div id=\"pg-3094-2\"  class=\"panel-grid panel-no-style\" ><div id=\"pgc-3094-2-0\"  class=\"panel-grid-cell\" ><div id=\"panel-3094-2-0-0\" class=\"so-panel widget widget_sow-editor panel-first-child panel-last-child\" data-index=\"2\" ><div class=\"uk-text-center panel-widget-style panel-widget-style-for-3094-2-0-0\" ><div\n\t\t\t\n\t\t\tclass=\"so-widget-sow-editor so-widget-sow-editor-base\"\n\t\t\t\n\t\t>\n<div class=\"siteorigin-widget-tinymce textwidget\">\n\t<div class=\"fn-gallery uk-grid uk-child-width-1-3@m uk-grid-medium uk-text-center\" uk-grid>        <div>\n            <a href=\"https:\/\/www.andrewgrauman.com\/de\/galleries\/boudoir-und-aktfotografie\/\">\n                <div class=\"uk-card uk-card-default uk-card-body uk-position-relative uk-light uk-padding-remove uk-cover-container uk-height-medium\">\n                    <img decoding=\"async\" src=\"https:\/\/www.andrewgrauman.com\/wp-content\/uploads\/akt-shooting-berlin-sinnliche-fotos-boudoir-copy-2.jpg\" alt=\"Ihr Boudoir- und Aktfotograf in Berlin \u2013 \u00c4sthetik trifft auf Erotik\" uk-cover>\n                    <div class=\"fn-gallery-bg uk-position-top-left uk-height-1-1 uk-width-1-1\">\n                        <div class=\"uk-position-center uk-padding\">\n                            <h4 class=\"uk-light uk-margin-small-bottom\">Ihr Boudoir- und Aktfotograf in Berlin \u2013 \u00c4sthetik trifft auf Erotik<\/h4>\n                                                    <\/div>\n                    <\/div>\n                <\/div>\n            <\/a>\n        <\/div>\n                <div>\n            <a href=\"https:\/\/www.andrewgrauman.com\/de\/galleries\/portrait-fotografie-people\/\">\n                <div class=\"uk-card uk-card-default uk-card-body uk-position-relative uk-light uk-padding-remove uk-cover-container uk-height-medium\">\n                    <img decoding=\"async\" src=\"https:\/\/www.andrewgrauman.com\/wp-content\/uploads\/\u00a9Photos-by-Andrew-Grauman-2-2.jpg\" alt=\"PORTRAITFOTOGRAFIE\" uk-cover>\n                    <div class=\"fn-gallery-bg uk-position-top-left uk-height-1-1 uk-width-1-1\">\n                        <div class=\"uk-position-center uk-padding\">\n                            <h4 class=\"uk-light uk-margin-small-bottom\">PORTRAITFOTOGRAFIE<\/h4>\n                                                    <\/div>\n                    <\/div>\n                <\/div>\n            <\/a>\n        <\/div>\n        <\/div>\n<\/div>\n<\/div><\/div><\/div><\/div><\/div><div id=\"pg-3094-3\"  class=\"panel-grid panel-no-style\" ><div id=\"pgc-3094-3-0\"  class=\"panel-grid-cell\" ><div id=\"panel-3094-3-0-0\" class=\"so-panel widget widget_sow-editor panel-first-child\" data-index=\"3\" ><div class=\"uk-text-center panel-widget-style panel-widget-style-for-3094-3-0-0\" ><div\n\t\t\t\n\t\t\tclass=\"so-widget-sow-editor so-widget-sow-editor-base\"\n\t\t\t\n\t\t>\n<div class=\"siteorigin-widget-tinymce textwidget\">\n\t<h2 style=\"text-align: left;\">Meine Leistungen f\u00fcr ein professionelles Portrait-Fotoshooting<\/h2>\n<p style=\"text-align: left;\">Ich arbeite mit Unternehmen, Kreativagenturen, Magazinen und Privatpersonen in Berlin und Umgebung zusammen. Gemeinsam besprechen wir, welche Art von Portraitfotos Sie sich w\u00fcnschen und welche Wirkung diese erzielen sollen. So treffe ich die richtigen Entscheidungen in Bezug auf Standort, Beleuchtung, Farbe, und Komposition, um Ihre Geschichte am besten wiederzugeben und Ihre Vision zu erf\u00fcllen. Professionelles Equipment wie hochwertige Kameras und Beleuchtung geh\u00f6rt selbstverst\u00e4ndlich dazu.<\/p>\n<p style=\"text-align: left;\">Unabh\u00e4ngig von Ihrer Erfahrung vor der Kamera sorge ich daf\u00fcr, dass Sie sich wohlf\u00fchlen und zeige Ihnen, wie wir das Beste aus Ihrem Shooting herausholen. Am Ende erhalten Sie Portraitbilder, die Ihr Profil zum Leben erwecken, die auf Sie und Ihre Bed\u00fcrfnisse zugeschnitten sind und Sie so festhalten, wie Sie wahrgenommen werden m\u00f6chten.<\/p>\n<p style=\"text-align: left;\">In meine <strong>Portrait-Fotoshootings<\/strong> bringe ich immer mein kreatives Auge, Professionalit\u00e4t und jahrelange Erfahrung mit ein.<br \/>\nSomit schaffe ich Portraitfotos, die authentisch, emotional und wirkungsvoll sind.<\/p>\n<p style=\"text-align: left;\">Sie m\u00f6chten mehr erfahren? Hier geht es zur <a title=\"Preisliste\" href=\"https:\/\/www.andrewgrauman.com\/de\/preisliste\/\">Preisliste<\/a>.<\/p>\n<p style=\"text-align: left;\"><strong>Profitieren Sie von folgenden Vorteilen:<\/strong><\/p>\n<ul>\n<li style=\"text-align: left;\">Individuelle und ausdrucksstarke Fotos<\/li>\n<li style=\"text-align: left;\">Studio oder individuelle Wunschlocations<\/li>\n<li style=\"text-align: left;\">Kreativit\u00e4t und Flexibilit\u00e4t<\/li>\n<li style=\"text-align: left;\">Langj\u00e4hrige Erfahrung als <strong>Portraitfotograf <\/strong>mit prominenten und privaten Kunden in Berlin<\/li>\n<li style=\"text-align: left;\">Schnelle Bildbearbeitung und Lieferung<\/li>\n<li style=\"text-align: left;\">Pers\u00f6nliche Beratung und eine entspannte Atmosph\u00e4re beim Shooting<\/li>\n<\/ul>\n<p>&nbsp;<\/p>\n<p style=\"text-align: left;\"><strong>Portraitfotografie f\u00fcr Business-Aufnahmen in Berlin<\/strong><\/p>\n<p style=\"text-align: left;\">Ich biete Ihnen hochwertige Businessfotografie in Berlin f\u00fcr Portraits von F\u00fchrungskr\u00e4ften, Mitarbeiterfotos, PR, Editorial und Webseiten. Zu meinen Auftraggebern z\u00e4hlen Luxury Brands wie Aveda, Est\u00e9e Lauder, Karl Lagerfeld und Mercedes-Benz sowie Technologieunternehmen wie Apple, Contentful, Google, Shopify, Tech Stars und TikTok. Auch Bundesministerien, lokale Beh\u00f6rden, NGOs und prominente Pers\u00f6nlichkeiten vertrauen auf meine Arbeit.<\/p>\n<p style=\"text-align: left;\">Zus\u00e4tzlich erstelle ich Fotos f\u00fcr PR, Marketingmaterialien, einheitliches Branding und Kampagnen \u2013 sowohl f\u00fcr gro\u00dfe Konzerne als auch f\u00fcr kleinere Betriebe.<\/p>\n<p style=\"text-align: left;\">Mit meiner wirkungsvollen <strong>Portraitfotografie in Berlin<\/strong> unterst\u00fctze ich Sie bei der zielgruppenorientierten Vermarktung Ihrer Projekte. So gewinnen Sie die Aufmerksamkeit Ihrer Zielgruppe und Kunden, Investoren, und Gesch\u00e4ftspartner f\u00fcr sich.<\/p>\n<\/div>\n<\/div><\/div><\/div><div id=\"panel-3094-3-0-1\" class=\"so-panel widget widget_sow-editor panel-last-child\" data-index=\"4\" ><div class=\"uk-text-center panel-widget-style panel-widget-style-for-3094-3-0-1\" ><div\n\t\t\t\n\t\t\tclass=\"so-widget-sow-editor so-widget-sow-editor-base\"\n\t\t\t\n\t\t>\n<div class=\"siteorigin-widget-tinymce textwidget\">\n\t<div class=\"uk-text-center\" style=\"text-align: center;\"><a class=\"uk-button uk-button-default uk-display-inline-block\" href=\"https:\/\/www.andrewgrauman.com\/de\/kontakt\/\">Jetzt anfragen<\/a><\/div>\n<\/div>\n<\/div><\/div><\/div><\/div><\/div><div id=\"pg-3094-4\"  class=\"panel-grid panel-no-style\" ><div id=\"pgc-3094-4-0\"  class=\"panel-grid-cell\" ><div id=\"panel-3094-4-0-0\" class=\"so-panel widget widget_sow-editor panel-first-child panel-last-child\" data-index=\"5\" ><div class=\"uk-text-center panel-widget-style panel-widget-style-for-3094-4-0-0\" ><div\n\t\t\t\n\t\t\tclass=\"so-widget-sow-editor so-widget-sow-editor-base\"\n\t\t\t\n\t\t>\n<div class=\"siteorigin-widget-tinymce textwidget\">\n\t<h3 style=\"text-align: left;\">Hochwertige Bilder f\u00fcr K\u00fcnstler, Influencer, Musiker und Prominente<\/h3>\n<figure id=\"attachment_2165\" aria-describedby=\"caption-attachment-2165\" style=\"width: 220px\" class=\"wp-caption alignright\"><img decoding=\"async\" class=\"wp-image-2165 \" src=\"https:\/\/www.andrewgrauman.com\/wp-content\/uploads\/Andrew-Grauman-Profile.png\" alt=\"Andrew Grauman \u2013 Ihr Portraitfotograf in Berlin\" width=\"220\" height=\"327\" srcset=\"https:\/\/www.andrewgrauman.com\/wp-content\/uploads\/Andrew-Grauman-Profile.png 808w, https:\/\/www.andrewgrauman.com\/wp-content\/uploads\/Andrew-Grauman-Profile-202x300.png 202w, https:\/\/www.andrewgrauman.com\/wp-content\/uploads\/Andrew-Grauman-Profile-768x1141.png 768w\" sizes=\"(max-width: 220px) 100vw, 220px\" \/><figcaption id=\"caption-attachment-2165\" class=\"wp-caption-text\">Andrew Grauman \u2013 Ihr Portraitfotograf in Berlin<\/figcaption><\/figure>\n<p style=\"text-align: left;\">Heute ist es wichtiger denn je, als K\u00fcnstler, Influencer oder Musiker mit einem klaren und unverwechselbaren Auftritt sichtbar zu sein. <strong>Professionelle Portraitfotos<\/strong> sind die wertvollsten Kommunikationsmittel, die ein K\u00fcnstler oder Influencer einsetzen kann, um sich, seine Expertise, Erfahrung und seine Kunst der Welt zu zeigen.<br \/>\nWenn Sie Ihren Auftritt in sozialen Medien <strong>mit einem erfahrenen Portraitfotografen an Ihrer Seite<\/strong> aufwerten m\u00f6chten, sind Sie hier genau richtig. Ich habe bereits zahlreiche Influencer, Blogger und K\u00fcnstler fotografiert und dazu beigetragen, das Niveau auf ihren Social-Media-Plattformen auf ein neues Level zu bringen. Eine Arbeit, die mir gro\u00dfen Spa\u00df bereitet!<\/p>\n<p style=\"text-align: left;\">Jedes Fotoshooting passe ich Ihren Vorstellungen und Ihrer Nische an.<br \/>\nAls Portraitfotograf in Berlin stehe ich Ihnen nicht nur mit meiner Kamera, sondern mit meinem ganzen Know-how und einem engagierten Team zur Seite.<br \/>\nSo entstehen Bilder, die Sie ins beste Licht r\u00fccken und eine starke Verbindung zu Ihrem Publikum aufbauen.<\/p>\n<p style=\"text-align: left;\">Ob im Fotostudio, in einer anderen Location oder outdoor, ich liebe es, meine Erfahrung und mein Fachwissen, die ich als <a title=\"Modefotograf \" href=\"https:\/\/www.andrewgrauman.com\/de\/modefotograf-berlin\/\">Modefotograf <\/a>gesammelt habe, auch in den Bereichen Lifestyle und Portr\u00e4t auf diese Art von Shootings anzuwenden.<\/p>\n<\/div>\n<\/div><\/div><\/div><\/div><\/div><div id=\"pg-3094-5\"  class=\"panel-grid panel-no-style\" ><div id=\"pgc-3094-5-0\"  class=\"panel-grid-cell\" ><div id=\"panel-3094-5-0-0\" class=\"so-panel widget widget_sow-editor panel-first-child panel-last-child\" data-index=\"6\" ><div class=\"uk-text-center panel-widget-style panel-widget-style-for-3094-5-0-0\" ><div\n\t\t\t\n\t\t\tclass=\"so-widget-sow-editor so-widget-sow-editor-base\"\n\t\t\t\n\t\t>\n<div class=\"siteorigin-widget-tinymce textwidget\">\n\t<h2 style=\"text-align: left;\">Auch das geh\u00f6rt zu meinem Repertoire<\/h2>\n<p style=\"text-align: left;\">Mit einem k\u00fcnstlerischen Auge f\u00fcr Eleganz und Sch\u00f6nheit bin ich auch als <a title=\"Boudoir Fotograf\" href=\"https:\/\/www.andrewgrauman.com\/de\/galleries\/boudoir-und-aktfotografie\/\">Boudoir Fotograf<\/a> t\u00e4tig.<br \/>\nIn einem stilvollen Shooting halte ich Ihre besondere Ausstrahlung fest \u2013 professionell, respektvoll und mit viel Feingef\u00fchl. Es braucht keine \u201eperfekte\u201c Figur, um vor der Kamera gro\u00dfartig auszusehen. Viel wichtiger sind Vertrauen, Licht, Posing und eine Atmosph\u00e4re, in der Sie sich wohlf\u00fchlen.<\/p>\n<p style=\"text-align: left;\">Vor dem Termin sprechen wir ausf\u00fchrlich \u00fcber Ihre W\u00fcnsche und den Ablauf, damit Sie entspannt starten k\u00f6nnen. Ob im Studio oder an einem Ort Ihrer Wahl: Gemeinsam mit einer erfahrenen Stylistin entsteht ein Fotoshooting-Erlebnis, das Sie selbstbewusst und authentisch zeigt. Selbstverst\u00e4ndlich nehme ich mir ausreichend Zeit, damit Sie mit den Bildern zufrieden sind.<\/p>\n<p style=\"text-align: left;\">Gerne berate ich Sie vorab telefonisch, per E-Mail oder pers\u00f6nlich zu allen Aspekten rund um Ihre professionellen Portraitfotos. F\u00fcr ein unvergessliches Erlebnis: Vereinbaren Sie noch heute einen Termin f\u00fcr ein Fotoshooting!<\/p>\n<p>&nbsp;<\/p>\n<p style=\"text-align: center;\">Sie suchen einen <a title=\"Fotograf f\u00fcr Firmenevent\" href=\"https:\/\/www.andrewgrauman.com\/de\/galleries\/firmenevents-eventfotograf-berlin\/\">Fotografen f\u00fcr Ihr Firmenevent<\/a>? Oder Sie planen eine Veranstaltung und m\u00f6chten diese in gro\u00dfartigen Bildern und im besten Licht festhalten? Gerne k\u00f6nnen Sie mich auch als <a title=\"Eventfotografie Berlin\" href=\"https:\/\/www.andrewgrauman.com\/de\/eventfotografie-berlin-1\/\">Eventfotografen in Berlin und Umgebung<\/a> buchen!<\/p>\n<p>&nbsp;<\/p>\n<p style=\"text-align: center;\">Nehmen Sie <a title=\"Kontakt \" href=\"https:\/\/www.andrewgrauman.com\/de\/kontakt\/\">Kontakt <\/a>auf. Ich freue mich, von Ihnen zu h\u00f6ren.<br \/>\nViele Gr\u00fc\u00dfe, Andrew<\/p>\n<\/div>\n<\/div><\/div><\/div><\/div><\/div><\/div>","protected":false},"excerpt":{"rendered":"<p>Sie suchen einen Spezialisten f\u00fcr Portraitfotografie in Berlin? Ich bin ein professioneller People-Fotograf, der stilvolle, hochwertige Portraits anbietet, die das Wesentliche von Ihnen einfangen. Ich nutze meine Expertise in Mode- und Portraitfotografie, setze professionelle Beleuchtung, Kulissen und Posen ein und wende sie auf Ihre Portraitaufnahmen an. So entstehen markante, ins-Auge-springende Portr\u00e4ts. Viele Menschen f\u00fchlen sich [&hellip;]<\/p>\n","protected":false},"author":1,"featured_media":0,"parent":0,"menu_order":0,"comment_status":"closed","ping_status":"closed","template":"","meta":{"_acf_changed":false,"footnotes":""},"class_list":["post-3094","page","type-page","status-publish","hentry"],"acf":[],"yoast_head":"<!-- This site is optimized with the Yoast SEO plugin v26.9 - https:\/\/yoast.com\/product\/yoast-seo-wordpress\/ -->\n<title>Portraitfotografie Berlin: Bilder vom Profi | Andrew Grauman<\/title>\n<meta name=\"description\" content=\"Als Portraitfotograf in Berlin schaffe ich authentische, kreative Portraits f\u00fcr Business, K\u00fcnstler &amp; Privatkunden. Buchen Sie jetzt Ihr Fotoshooting \u00bb\" \/>\n<meta name=\"robots\" content=\"index, follow, max-snippet:-1, max-image-preview:large, max-video-preview:-1\" \/>\n<link rel=\"canonical\" href=\"https:\/\/www.andrewgrauman.com\/de\/portraitfotograf-berlin\/\" \/>\n<meta property=\"og:locale\" content=\"de_DE\" \/>\n<meta property=\"og:type\" content=\"article\" \/>\n<meta property=\"og:title\" content=\"Portraitfotografie Berlin: Bilder vom Profi | Andrew Grauman\" \/>\n<meta property=\"og:description\" content=\"Als Portraitfotograf in Berlin schaffe ich authentische, kreative Portraits f\u00fcr Business, K\u00fcnstler &amp; Privatkunden. Buchen Sie jetzt Ihr Fotoshooting \u00bb\" \/>\n<meta property=\"og:url\" content=\"https:\/\/www.andrewgrauman.com\/de\/portraitfotograf-berlin\/\" \/>\n<meta property=\"og:site_name\" content=\"andrewgrauman\" \/>\n<meta property=\"article:modified_time\" content=\"2025-07-25T08:38:58+00:00\" \/>\n<meta property=\"og:image\" content=\"https:\/\/www.andrewgrauman.com\/wp-content\/uploads\/Andrew-Grauman-Berlin-Photographer.jpg\" \/>\n<meta name=\"twitter:card\" content=\"summary_large_image\" \/>\n<meta name=\"twitter:label1\" content=\"Gesch\u00e4tzte Lesezeit\" \/>\n\t<meta name=\"twitter:data1\" content=\"6\u00a0Minuten\" \/>\n<script type=\"application\/ld+json\" class=\"yoast-schema-graph\">{\"@context\":\"https:\/\/schema.org\",\"@graph\":[{\"@type\":\"WebPage\",\"@id\":\"https:\/\/www.andrewgrauman.com\/de\/portraitfotograf-berlin\/\",\"url\":\"https:\/\/www.andrewgrauman.com\/de\/portraitfotograf-berlin\/\",\"name\":\"Portraitfotografie Berlin: Bilder vom Profi | Andrew Grauman\",\"isPartOf\":{\"@id\":\"https:\/\/www.andrewgrauman.com\/de\/#website\"},\"primaryImageOfPage\":{\"@id\":\"https:\/\/www.andrewgrauman.com\/de\/portraitfotograf-berlin\/#primaryimage\"},\"image\":{\"@id\":\"https:\/\/www.andrewgrauman.com\/de\/portraitfotograf-berlin\/#primaryimage\"},\"thumbnailUrl\":\"https:\/\/www.andrewgrauman.com\/wp-content\/uploads\/Andrew-Grauman-Berlin-Photographer.jpg\",\"datePublished\":\"2024-01-09T14:17:27+00:00\",\"dateModified\":\"2025-07-25T08:38:58+00:00\",\"description\":\"Als Portraitfotograf in Berlin schaffe ich authentische, kreative Portraits f\u00fcr Business, K\u00fcnstler & Privatkunden. Buchen Sie jetzt Ihr Fotoshooting \u00bb\",\"breadcrumb\":{\"@id\":\"https:\/\/www.andrewgrauman.com\/de\/portraitfotograf-berlin\/#breadcrumb\"},\"inLanguage\":\"de\",\"potentialAction\":[{\"@type\":\"ReadAction\",\"target\":[\"https:\/\/www.andrewgrauman.com\/de\/portraitfotograf-berlin\/\"]}]},{\"@type\":\"ImageObject\",\"inLanguage\":\"de\",\"@id\":\"https:\/\/www.andrewgrauman.com\/de\/portraitfotograf-berlin\/#primaryimage\",\"url\":\"https:\/\/www.andrewgrauman.com\/wp-content\/uploads\/Andrew-Grauman-Berlin-Photographer.jpg\",\"contentUrl\":\"https:\/\/www.andrewgrauman.com\/wp-content\/uploads\/Andrew-Grauman-Berlin-Photographer.jpg\"},{\"@type\":\"BreadcrumbList\",\"@id\":\"https:\/\/www.andrewgrauman.com\/de\/portraitfotograf-berlin\/#breadcrumb\",\"itemListElement\":[{\"@type\":\"ListItem\",\"position\":1,\"name\":\"Startseite\",\"item\":\"https:\/\/www.andrewgrauman.com\/de\/\"},{\"@type\":\"ListItem\",\"position\":2,\"name\":\"Portrait\"}]},{\"@type\":\"WebSite\",\"@id\":\"https:\/\/www.andrewgrauman.com\/de\/#website\",\"url\":\"https:\/\/www.andrewgrauman.com\/de\/\",\"name\":\"andrewgrauman\",\"description\":\"\",\"potentialAction\":[{\"@type\":\"SearchAction\",\"target\":{\"@type\":\"EntryPoint\",\"urlTemplate\":\"https:\/\/www.andrewgrauman.com\/de\/?s={search_term_string}\"},\"query-input\":{\"@type\":\"PropertyValueSpecification\",\"valueRequired\":true,\"valueName\":\"search_term_string\"}}],\"inLanguage\":\"de\"}]}<\/script>\n<!-- \/ Yoast SEO plugin. -->","yoast_head_json":{"title":"Portraitfotografie Berlin: Bilder vom Profi | Andrew Grauman","description":"Als Portraitfotograf in Berlin schaffe ich authentische, kreative Portraits f\u00fcr Business, K\u00fcnstler & Privatkunden. Buchen Sie jetzt Ihr Fotoshooting \u00bb","robots":{"index":"index","follow":"follow","max-snippet":"max-snippet:-1","max-image-preview":"max-image-preview:large","max-video-preview":"max-video-preview:-1"},"canonical":"https:\/\/www.andrewgrauman.com\/de\/portraitfotograf-berlin\/","og_locale":"de_DE","og_type":"article","og_title":"Portraitfotografie Berlin: Bilder vom Profi | Andrew Grauman","og_description":"Als Portraitfotograf in Berlin schaffe ich authentische, kreative Portraits f\u00fcr Business, K\u00fcnstler & Privatkunden. Buchen Sie jetzt Ihr Fotoshooting \u00bb","og_url":"https:\/\/www.andrewgrauman.com\/de\/portraitfotograf-berlin\/","og_site_name":"andrewgrauman","article_modified_time":"2025-07-25T08:38:58+00:00","og_image":[{"url":"https:\/\/www.andrewgrauman.com\/wp-content\/uploads\/Andrew-Grauman-Berlin-Photographer.jpg","type":"","width":"","height":""}],"twitter_card":"summary_large_image","twitter_misc":{"Gesch\u00e4tzte Lesezeit":"6\u00a0Minuten"},"schema":{"@context":"https:\/\/schema.org","@graph":[{"@type":"WebPage","@id":"https:\/\/www.andrewgrauman.com\/de\/portraitfotograf-berlin\/","url":"https:\/\/www.andrewgrauman.com\/de\/portraitfotograf-berlin\/","name":"Portraitfotografie Berlin: Bilder vom Profi | Andrew Grauman","isPartOf":{"@id":"https:\/\/www.andrewgrauman.com\/de\/#website"},"primaryImageOfPage":{"@id":"https:\/\/www.andrewgrauman.com\/de\/portraitfotograf-berlin\/#primaryimage"},"image":{"@id":"https:\/\/www.andrewgrauman.com\/de\/portraitfotograf-berlin\/#primaryimage"},"thumbnailUrl":"https:\/\/www.andrewgrauman.com\/wp-content\/uploads\/Andrew-Grauman-Berlin-Photographer.jpg","datePublished":"2024-01-09T14:17:27+00:00","dateModified":"2025-07-25T08:38:58+00:00","description":"Als Portraitfotograf in Berlin schaffe ich authentische, kreative Portraits f\u00fcr Business, K\u00fcnstler & Privatkunden. Buchen Sie jetzt Ihr Fotoshooting \u00bb","breadcrumb":{"@id":"https:\/\/www.andrewgrauman.com\/de\/portraitfotograf-berlin\/#breadcrumb"},"inLanguage":"de","potentialAction":[{"@type":"ReadAction","target":["https:\/\/www.andrewgrauman.com\/de\/portraitfotograf-berlin\/"]}]},{"@type":"ImageObject","inLanguage":"de","@id":"https:\/\/www.andrewgrauman.com\/de\/portraitfotograf-berlin\/#primaryimage","url":"https:\/\/www.andrewgrauman.com\/wp-content\/uploads\/Andrew-Grauman-Berlin-Photographer.jpg","contentUrl":"https:\/\/www.andrewgrauman.com\/wp-content\/uploads\/Andrew-Grauman-Berlin-Photographer.jpg"},{"@type":"BreadcrumbList","@id":"https:\/\/www.andrewgrauman.com\/de\/portraitfotograf-berlin\/#breadcrumb","itemListElement":[{"@type":"ListItem","position":1,"name":"Startseite","item":"https:\/\/www.andrewgrauman.com\/de\/"},{"@type":"ListItem","position":2,"name":"Portrait"}]},{"@type":"WebSite","@id":"https:\/\/www.andrewgrauman.com\/de\/#website","url":"https:\/\/www.andrewgrauman.com\/de\/","name":"andrewgrauman","description":"","potentialAction":[{"@type":"SearchAction","target":{"@type":"EntryPoint","urlTemplate":"https:\/\/www.andrewgrauman.com\/de\/?s={search_term_string}"},"query-input":{"@type":"PropertyValueSpecification","valueRequired":true,"valueName":"search_term_string"}}],"inLanguage":"de"}]}},"_links":{"self":[{"href":"https:\/\/www.andrewgrauman.com\/de\/wp-json\/wp\/v2\/pages\/3094","targetHints":{"allow":["GET"]}}],"collection":[{"href":"https:\/\/www.andrewgrauman.com\/de\/wp-json\/wp\/v2\/pages"}],"about":[{"href":"https:\/\/www.andrewgrauman.com\/de\/wp-json\/wp\/v2\/types\/page"}],"author":[{"embeddable":true,"href":"https:\/\/www.andrewgrauman.com\/de\/wp-json\/wp\/v2\/users\/1"}],"replies":[{"embeddable":true,"href":"https:\/\/www.andrewgrauman.com\/de\/wp-json\/wp\/v2\/comments?post=3094"}],"version-history":[{"count":20,"href":"https:\/\/www.andrewgrauman.com\/de\/wp-json\/wp\/v2\/pages\/3094\/revisions"}],"predecessor-version":[{"id":3822,"href":"https:\/\/www.andrewgrauman.com\/de\/wp-json\/wp\/v2\/pages\/3094\/revisions\/3822"}],"wp:attachment":[{"href":"https:\/\/www.andrewgrauman.com\/de\/wp-json\/wp\/v2\/media?parent=3094"}],"curies":[{"name":"wp","href":"https:\/\/api.w.org\/{rel}","templated":true}]}}