{"id":9,"date":"2020-10-22T10:55:16","date_gmt":"2020-10-22T08:55:16","guid":{"rendered":"https:\/\/www.andrewgrauman.com\/?page_id=9"},"modified":"2025-11-17T12:07:58","modified_gmt":"2025-11-17T11:07:58","slug":"startseite","status":"publish","type":"page","link":"https:\/\/www.andrewgrauman.com\/de\/","title":{"rendered":"Startseite"},"content":{"rendered":"<div id=\"pl-9\"  class=\"panel-layout\" ><div id=\"pg-9-0\"  class=\"panel-grid panel-no-style\" ><div id=\"pgc-9-0-0\"  class=\"panel-grid-cell panel-grid-cell-mobile-last\" ><div id=\"panel-9-0-0-0\" class=\"so-panel widget widget_sow-editor panel-first-child panel-last-child\" data-index=\"0\" ><div class=\"uk-margin-bottom panel-widget-style panel-widget-style-for-9-0-0-0\" ><div\n\t\t\t\n\t\t\tclass=\"so-widget-sow-editor so-widget-sow-editor-base\"\n\t\t\t\n\t\t>\n<div class=\"siteorigin-widget-tinymce textwidget\">\n\t<h1>Andrew Grauman \u2013 Fotograf in Berlin<\/h1>\n<\/div>\n<\/div><\/div><\/div><\/div><div id=\"pgc-9-0-1\"  class=\"panel-grid-cell panel-grid-cell-empty\" ><\/div><\/div><div id=\"pg-9-1\"  class=\"panel-grid panel-no-style\" ><div id=\"pgc-9-1-0\"  class=\"panel-grid-cell\" ><div id=\"panel-9-1-0-0\" class=\"so-panel widget widget_sow-editor panel-first-child panel-last-child\" data-index=\"1\" ><div\n\t\t\t\n\t\t\tclass=\"so-widget-sow-editor so-widget-sow-editor-base\"\n\t\t\t\n\t\t>\n<div class=\"siteorigin-widget-tinymce textwidget\">\n\t<p>Ich bin professioneller Fotograf in Berlin f\u00fcr Event-, Fashion- und Portraitfotografie. Ich liefere Ihnen beeindruckende, \u00e4sthetische Bilder, die die Essenz von Ihnen, Ihrem Event und Ihrer Marke festhalten. Ich dokumentiere nicht nur eine Veranstaltung oder ein Individuum, sondern versuche, die Einzigartigkeit und die Energie der Veranstaltung und der Menschen vor meiner Kamera festzuhalten. Als Ihr Eventfotograf oder Modefotograf in Berlin mache ich Fotos, die Sie vom Meer der Konkurrenz abheben und Ihnen helfen, mehr Kunden, Investoren und Partner zu gewinnen. Ich liebe, was ich tue, und ich w\u00fcrde gerne mit Ihnen arbeiten!<\/p>\n<hr class=\"fn-title-break\" \/>\n<h2>\u00dcber mich: Ihr professioneller Fotograf<\/h2>\n<p>Ich arbeite als professioneller Fotograf in Berlin. Innerhalb k\u00fcrzester Zeit hatte ich das gro\u00dfe Gl\u00fcck, mit einigen hervorragenden internationalen Unternehmen zusammenzuarbeiten, darunter Apple, Aveda, Est\u00e9e Lauder, Google, Karl Lagerfeld, Mercedes-Benz, Shopify, and TikTok. Ich wurde engagiert, um Politiker wie Bundeskanzler Friedrich Merz, EU-Kommissionspr\u00e4sidentin Ursula von der Leyen, Bundeskanzler Olaf Scholz; Staatspr\u00e4sident Emmanuel Macron; Bundesminister der Finanzen Christian Lindner; Premierministerin \u00c9lisabeth Borne; Pr\u00e4sident des Europ\u00e4isches Rates Charles Michel; Vizekanzler Robert Habeck; ehemaliger Vizekanzler Sigmar Gabriel und ehemaliger Pr\u00e4sident Felipe Calderon zu fotografieren. Aber auch weitere relevante Prominente, wie der CEO von Blackrock, Larry Fink; der CEO von Mercedes-Benz, Ola K\u00e4llenius; Deutsche Telekom CEO Timotheus G\u00f6ttges; Siemens CEO, Roland Busch; Bayer CEO, Bill Anderson; Mastercard CEO, Richard Haythornwaite; Unilever CEO, Paul Polman und Schauspielerinnen wie Iris Berben, Martina Gedeck, und Veronica Ferres habe ich auch fotografiert. Meine Fashion Shootings wurden in zahlreichen internationalen Zeitschriften ver\u00f6ffentlicht, darunter Elegant, Interview, Lucy\u2019s, Scorpio Jin und Solstice.<\/p>\n<p>Ich gehe jeden Auftrag mit einem klaren Auge und einem klaren Herzen an.<\/p>\n<p><a href=\"https:\/\/www.andrewgrauman.com\/de\/kontakt\/\">Kontaktieren Sie<\/a> mich f\u00fcr Ihr professionelles Fotoshooting in Berlin!<\/p>\n<\/div>\n<\/div><\/div><\/div><div id=\"pgc-9-1-1\"  class=\"panel-grid-cell\" ><div id=\"panel-9-1-1-0\" class=\"so-panel widget widget_sow-image panel-first-child panel-last-child\" data-index=\"2\" ><div\n\t\t\t\n\t\t\tclass=\"so-widget-sow-image so-widget-sow-image-default-8b5b6f678277-9\"\n\t\t\t\n\t\t>\n<div class=\"sow-image-container\">\n\t\t<img \n\tsrc=\"https:\/\/www.andrewgrauman.com\/wp-content\/uploads\/Andrew-Grauman-Profile.png\" width=\"808\" height=\"1200\" srcset=\"https:\/\/www.andrewgrauman.com\/wp-content\/uploads\/Andrew-Grauman-Profile.png 808w, https:\/\/www.andrewgrauman.com\/wp-content\/uploads\/Andrew-Grauman-Profile-202x300.png 202w, https:\/\/www.andrewgrauman.com\/wp-content\/uploads\/Andrew-Grauman-Profile-768x1141.png 768w\" sizes=\"(max-width: 808px) 100vw, 808px\" title=\"Andrew Grauman Profile\" alt=\"eventfotograf berlin foto\" \t\tclass=\"so-widget-image\"\/>\n\t<\/div>\n\n<\/div><\/div><\/div><\/div><div id=\"pg-9-2\"  class=\"panel-grid panel-no-style\" ><div id=\"pgc-9-2-0\"  class=\"panel-grid-cell\" ><div id=\"panel-9-2-0-0\" class=\"so-panel widget widget_sow-editor panel-first-child panel-last-child\" data-index=\"3\" ><div class=\"uk-text-center panel-widget-style panel-widget-style-for-9-2-0-0\" ><div\n\t\t\t\n\t\t\tclass=\"so-widget-sow-editor so-widget-sow-editor-base\"\n\t\t\t\n\t\t>\n<div class=\"siteorigin-widget-tinymce textwidget\">\n\t<h2>EVENT, FASHION UND PORTR\u00c4T: WIRKUNGSVOLLE FOTOS<\/h2>\n<hr class=\"fn-title-break uk-align-center\" \/>\n<p>Meine Spezialgebiete als professioneller Fotograf sind:<\/p>\n<\/div>\n<\/div><\/div><\/div><\/div><\/div><div id=\"pg-9-3\"  class=\"panel-grid panel-has-style\" ><div class=\"siteorigin-panels-stretch panel-row-style panel-row-style-for-9-3\" data-stretch-type=\"full\" ><div id=\"pgc-9-3-0\"  class=\"panel-grid-cell panel-grid-cell-mobile-last\" ><div class=\"uk-margin-xlarge-top uk-margin-xlarge-bottom panel-cell-style panel-cell-style-for-9-3-0\" ><div id=\"panel-9-3-0-0\" class=\"so-panel widget widget_sow-editor panel-first-child panel-last-child\" data-index=\"4\" ><div class=\"uk-display-inline-block uk-padding uk-margin-xlarge-top uk-margin-xlarge-bottom panel-widget-style panel-widget-style-for-9-3-0-0\" ><div\n\t\t\t\n\t\t\tclass=\"so-widget-sow-editor so-widget-sow-editor-base\"\n\t\t\t\n\t\t>\n<div class=\"siteorigin-widget-tinymce textwidget\">\n\t<h2>EVENTFOTOGRAFIE<\/h2>\n<hr class=\"fn-title-break\" \/>\n<p>Ich z\u00e4hle mich zu Deutschlands f\u00fchrenden <a title=\"Eventfotos\" href=\"https:\/\/www.andrewgrauman.com\/de\/eventfotografie-berlin-1\/\">Eventfotografen<\/a> und bin hier insbesondere auf die Fotografie f\u00fcr Brandevents, B2B, Corporate Events, Galas, Konferenzen, Private Parties, und VIP Events spezialisiert. Als Eventotograf in Berlin arbeite ich hierbei h\u00e4ufig mit Gesch\u00e4ftskunden und staatlichen Stellen zusammen. Dazu z\u00e4hlen Gro\u00dfunternehmen, Start-ups, Technologieunternehmen, Fashion Labels, PR-Firmen, Marketingagenturen, und Veranstaltungsplaner.<\/p>\n<p>Bei diesen Shootings begleite ich interessante Menschen und Firmen aus aller Welt. Darunter sind Gr\u00f6\u00dfen aus der Politik wie Friedrich Merz, Ursula von der Leyen, Olaf Scholz, Emmanuel Macron, Charles Michel, Christian Lindner, Elizabeth Bourne, Robert Habeck, Gregor Gysi, Andrea Nahles und Sigmar Gabriel, Top-Prominente wie Deutsche Telekom CEO Timotheus H\u00f6ttges, Mercedes-Benz CEO Ola K\u00e4llenius, Siemens CEO Roland Busch, Wikipedia-Gr\u00fcnder Jimmy Wales, Unilever CEO Paul Polman und Architektin Elizabeth Diller und Unternehmen wie Blackstone, Deutsche Bahn, Est\u00e9e Lauder, Karl Lagerfeld, Google, Mercedes-Benz, Meta, Michelin, Nuveen und Tiffany and Co..<\/p>\n<\/div>\n<\/div><\/div><\/div><\/div><\/div><div id=\"pgc-9-3-1\"  class=\"panel-grid-cell panel-grid-cell-empty\" ><\/div><\/div><\/div><div id=\"pg-9-4\"  class=\"panel-grid panel-has-style\" ><div class=\"siteorigin-panels-stretch panel-row-style panel-row-style-for-9-4\" data-stretch-type=\"full\" ><div id=\"pgc-9-4-0\"  class=\"panel-grid-cell panel-grid-cell-empty\" ><\/div><div id=\"pgc-9-4-1\"  class=\"panel-grid-cell\" ><div class=\"uk-margin-xlarge-top uk-margin-xlarge-bottom panel-cell-style panel-cell-style-for-9-4-1\" ><div id=\"panel-9-4-1-0\" class=\"so-panel widget widget_sow-editor panel-first-child panel-last-child\" data-index=\"5\" ><div class=\"uk-display-inline-block uk-padding uk-margin-xlarge-top uk-margin-xlarge-bottom panel-widget-style panel-widget-style-for-9-4-1-0\" ><div\n\t\t\t\n\t\t\tclass=\"so-widget-sow-editor so-widget-sow-editor-base\"\n\t\t\t\n\t\t>\n<div class=\"siteorigin-widget-tinymce textwidget\">\n\t<h2>FASHION FOTOGRAFIE<\/h2>\n<hr class=\"fn-title-break\" \/>\n<p>Als erfolgreicher <a title=\"Modefotos\" href=\"https:\/\/www.andrewgrauman.com\/de\/modefotograf-berlin\/\">Modefotograf<\/a> in Berlin habe ich mich auf die professionelle Editorial-, Katalog-, Lifestyle-, Mode- und Werbefotografie spezialisiert. In diesem Rahmen arbeite ich mit Zeitschriften, Designern, Labels, Boutiquen und Models zusammen. Ich fotografiere auch Lookbook- und Model Portolios.<\/p>\n<p>Meine Fashion-Fotos werden in renommiertesten internationalen Modezeitschriften wie dem Elegant, Ell\u00e9ments, Institute, Interview, Lucy's, Scorpio Jin, sowie dem Solstice ver\u00f6ffentlicht.<\/p>\n<\/div>\n<\/div><\/div><\/div><\/div><\/div><\/div><\/div><div id=\"pg-9-5\"  class=\"panel-grid panel-has-style\" ><div class=\"siteorigin-panels-stretch panel-row-style panel-row-style-for-9-5\" data-stretch-type=\"full\" ><div id=\"pgc-9-5-0\"  class=\"panel-grid-cell panel-grid-cell-mobile-last\" ><div class=\"uk-margin-xlarge-top uk-margin-xlarge-bottom panel-cell-style panel-cell-style-for-9-5-0\" ><div id=\"panel-9-5-0-0\" class=\"so-panel widget widget_sow-editor panel-first-child panel-last-child\" data-index=\"6\" ><div class=\"uk-display-inline-block uk-padding uk-margin-xlarge-top uk-margin-xlarge-bottom panel-widget-style panel-widget-style-for-9-5-0-0\" ><div\n\t\t\t\n\t\t\tclass=\"so-widget-sow-editor so-widget-sow-editor-base\"\n\t\t\t\n\t\t>\n<div class=\"siteorigin-widget-tinymce textwidget\">\n\t<h2>PORTRAIT FOTOGRAFIE<\/h2>\n<hr class=\"fn-title-break\" \/>\n<p>Mein Spezialgebiet als Fotograf in Berlin, im Studio oder vor Ort, umfasst die Erstellung stilvoller, hochwertiger und markanter <a href=\"https:\/\/www.andrewgrauman.com\/de\/portraitfotograf-berlin\/\" title=\"Zu den Portraitfotos - Portr\u00e4tfotografie Andrew Grauman\">Portraits<\/a> aus den Bereichen People, Business und Akt. Mein Fokus liegt hierbei darauf, Ihre wahre Pers\u00f6nlichkeit und innere St\u00e4rke hervorzuheben. So entstehen atemberaubend authentische Portraits, in denen Sie sich selbst wiedererkennen, die Ihre Geschichte erz\u00e4hlen und Ihren Stolz erwecken.<\/p>\n<\/div>\n<\/div><\/div><\/div><\/div><\/div><div id=\"pgc-9-5-1\"  class=\"panel-grid-cell panel-grid-cell-empty\" ><\/div><\/div><\/div><div id=\"pg-9-6\"  class=\"panel-grid panel-no-style\" ><div id=\"pgc-9-6-0\"  class=\"panel-grid-cell\" ><div id=\"panel-9-6-0-0\" class=\"so-panel widget widget_sow-editor panel-first-child panel-last-child\" data-index=\"7\" ><div class=\"uk-text-center panel-widget-style panel-widget-style-for-9-6-0-0\" ><div\n\t\t\t\n\t\t\tclass=\"so-widget-sow-editor so-widget-sow-editor-base\"\n\t\t\t\n\t\t>\n<div class=\"siteorigin-widget-tinymce textwidget\">\n\t<h2>Andrew Grauman \u2013 Ihr professioneller Fotograf in Berlin<\/h2>\n<p>Mit meinem professionellen und freundlichen Auftreten mache ich Fotoshootings zu einer angenehmen und kurzweiligen Erfahrung \u2013 auch f\u00fcr Menschen, die sich ungern fotografieren lassen. Meinen Sitz habe ich in Berlin, fotografiere aber f\u00fcr internationale Kunden \u00fcberall auf der Welt. Ob Backstage oder auf der B\u00fchne, vor Ort oder im Studio: Ich lasse Sie gro\u00dfartig aussehen! Ich freue mich bereits auf unsere Zusammenarbeit. Die Basis-Preise f\u00fcr ein Fotoshooting finden Sie auf meiner\u00a0<a title=\"Preisliste Fotograf Berlin\" href=\"https:\/\/www.andrewgrauman.com\/de\/preisliste\/\">Preisliste<\/a>.<\/p>\n<\/div>\n<\/div><\/div><\/div><\/div><\/div><\/div>","protected":false},"excerpt":{"rendered":"<p>Andrew Grauman \u2013 Fotograf in Berlin Ich bin professioneller Fotograf in Berlin f\u00fcr Event-, Fashion- und Portraitfotografie. Ich liefere Ihnen beeindruckende, \u00e4sthetische Bilder, die die Essenz von Ihnen, Ihrem Event und Ihrer Marke festhalten. Ich dokumentiere nicht nur eine Veranstaltung oder ein Individuum, sondern versuche, die Einzigartigkeit und die Energie der Veranstaltung und der Menschen [&hellip;]<\/p>\n","protected":false},"author":1,"featured_media":0,"parent":0,"menu_order":0,"comment_status":"closed","ping_status":"closed","template":"","meta":{"_acf_changed":false,"footnotes":""},"class_list":["post-9","page","type-page","status-publish","hentry"],"acf":[],"yoast_head":"<!-- This site is optimized with the Yoast SEO plugin v26.9 - https:\/\/yoast.com\/product\/yoast-seo-wordpress\/ -->\n<title>Professioneller Fotograf in Berlin \u2013 Andrew Grauman<\/title>\n<meta name=\"description\" content=\"\u25ba Fotograf in Berlin + Event-, Fashion-, Portraitfotografie \u2713 Professionell \u2713 Zuverl\u00e4ssig \u2713 Kundenorientiert \u25ba Jetzt anfragen!\" \/>\n<meta name=\"robots\" content=\"index, follow, max-snippet:-1, max-image-preview:large, max-video-preview:-1\" \/>\n<link rel=\"canonical\" href=\"https:\/\/www.andrewgrauman.com\/de\/\" \/>\n<meta property=\"og:locale\" content=\"de_DE\" \/>\n<meta property=\"og:type\" content=\"article\" \/>\n<meta property=\"og:title\" content=\"Professioneller Fotograf in Berlin \u2013 Andrew Grauman\" \/>\n<meta property=\"og:description\" content=\"\u25ba Fotograf in Berlin + Event-, Fashion-, Portraitfotografie \u2713 Professionell \u2713 Zuverl\u00e4ssig \u2713 Kundenorientiert \u25ba Jetzt anfragen!\" \/>\n<meta property=\"og:url\" content=\"https:\/\/www.andrewgrauman.com\/de\/\" \/>\n<meta property=\"og:site_name\" content=\"andrewgrauman\" \/>\n<meta property=\"article:modified_time\" content=\"2025-11-17T11:07:58+00:00\" \/>\n<meta name=\"twitter:card\" content=\"summary_large_image\" \/>\n<meta name=\"twitter:label1\" content=\"Gesch\u00e4tzte Lesezeit\" \/>\n\t<meta name=\"twitter:data1\" content=\"4\u00a0Minuten\" \/>\n<script type=\"application\/ld+json\" class=\"yoast-schema-graph\">{\"@context\":\"https:\/\/schema.org\",\"@graph\":[{\"@type\":\"WebPage\",\"@id\":\"https:\/\/www.andrewgrauman.com\/de\/\",\"url\":\"https:\/\/www.andrewgrauman.com\/de\/\",\"name\":\"Professioneller Fotograf in Berlin \u2013 Andrew Grauman\",\"isPartOf\":{\"@id\":\"https:\/\/www.andrewgrauman.com\/de\/#website\"},\"datePublished\":\"2020-10-22T08:55:16+00:00\",\"dateModified\":\"2025-11-17T11:07:58+00:00\",\"description\":\"\u25ba Fotograf in Berlin + Event-, Fashion-, Portraitfotografie \u2713 Professionell \u2713 Zuverl\u00e4ssig \u2713 Kundenorientiert \u25ba Jetzt anfragen!\",\"breadcrumb\":{\"@id\":\"https:\/\/www.andrewgrauman.com\/de\/#breadcrumb\"},\"inLanguage\":\"de\",\"potentialAction\":[{\"@type\":\"ReadAction\",\"target\":[\"https:\/\/www.andrewgrauman.com\/de\/\"]}]},{\"@type\":\"BreadcrumbList\",\"@id\":\"https:\/\/www.andrewgrauman.com\/de\/#breadcrumb\",\"itemListElement\":[{\"@type\":\"ListItem\",\"position\":1,\"name\":\"Startseite\",\"item\":\"https:\/\/www.andrewgrauman.com\/de\/\"},{\"@type\":\"ListItem\",\"position\":2,\"name\":\"Startseite\"}]},{\"@type\":\"WebSite\",\"@id\":\"https:\/\/www.andrewgrauman.com\/de\/#website\",\"url\":\"https:\/\/www.andrewgrauman.com\/de\/\",\"name\":\"andrewgrauman\",\"description\":\"\",\"potentialAction\":[{\"@type\":\"SearchAction\",\"target\":{\"@type\":\"EntryPoint\",\"urlTemplate\":\"https:\/\/www.andrewgrauman.com\/de\/?s={search_term_string}\"},\"query-input\":{\"@type\":\"PropertyValueSpecification\",\"valueRequired\":true,\"valueName\":\"search_term_string\"}}],\"inLanguage\":\"de\"}]}<\/script>\n<!-- \/ Yoast SEO plugin. -->","yoast_head_json":{"title":"Professioneller Fotograf in Berlin \u2013 Andrew Grauman","description":"\u25ba Fotograf in Berlin + Event-, Fashion-, Portraitfotografie \u2713 Professionell \u2713 Zuverl\u00e4ssig \u2713 Kundenorientiert \u25ba Jetzt anfragen!","robots":{"index":"index","follow":"follow","max-snippet":"max-snippet:-1","max-image-preview":"max-image-preview:large","max-video-preview":"max-video-preview:-1"},"canonical":"https:\/\/www.andrewgrauman.com\/de\/","og_locale":"de_DE","og_type":"article","og_title":"Professioneller Fotograf in Berlin \u2013 Andrew Grauman","og_description":"\u25ba Fotograf in Berlin + Event-, Fashion-, Portraitfotografie \u2713 Professionell \u2713 Zuverl\u00e4ssig \u2713 Kundenorientiert \u25ba Jetzt anfragen!","og_url":"https:\/\/www.andrewgrauman.com\/de\/","og_site_name":"andrewgrauman","article_modified_time":"2025-11-17T11:07:58+00:00","twitter_card":"summary_large_image","twitter_misc":{"Gesch\u00e4tzte Lesezeit":"4\u00a0Minuten"},"schema":{"@context":"https:\/\/schema.org","@graph":[{"@type":"WebPage","@id":"https:\/\/www.andrewgrauman.com\/de\/","url":"https:\/\/www.andrewgrauman.com\/de\/","name":"Professioneller Fotograf in Berlin \u2013 Andrew Grauman","isPartOf":{"@id":"https:\/\/www.andrewgrauman.com\/de\/#website"},"datePublished":"2020-10-22T08:55:16+00:00","dateModified":"2025-11-17T11:07:58+00:00","description":"\u25ba Fotograf in Berlin + Event-, Fashion-, Portraitfotografie \u2713 Professionell \u2713 Zuverl\u00e4ssig \u2713 Kundenorientiert \u25ba Jetzt anfragen!","breadcrumb":{"@id":"https:\/\/www.andrewgrauman.com\/de\/#breadcrumb"},"inLanguage":"de","potentialAction":[{"@type":"ReadAction","target":["https:\/\/www.andrewgrauman.com\/de\/"]}]},{"@type":"BreadcrumbList","@id":"https:\/\/www.andrewgrauman.com\/de\/#breadcrumb","itemListElement":[{"@type":"ListItem","position":1,"name":"Startseite","item":"https:\/\/www.andrewgrauman.com\/de\/"},{"@type":"ListItem","position":2,"name":"Startseite"}]},{"@type":"WebSite","@id":"https:\/\/www.andrewgrauman.com\/de\/#website","url":"https:\/\/www.andrewgrauman.com\/de\/","name":"andrewgrauman","description":"","potentialAction":[{"@type":"SearchAction","target":{"@type":"EntryPoint","urlTemplate":"https:\/\/www.andrewgrauman.com\/de\/?s={search_term_string}"},"query-input":{"@type":"PropertyValueSpecification","valueRequired":true,"valueName":"search_term_string"}}],"inLanguage":"de"}]}},"_links":{"self":[{"href":"https:\/\/www.andrewgrauman.com\/de\/wp-json\/wp\/v2\/pages\/9","targetHints":{"allow":["GET"]}}],"collection":[{"href":"https:\/\/www.andrewgrauman.com\/de\/wp-json\/wp\/v2\/pages"}],"about":[{"href":"https:\/\/www.andrewgrauman.com\/de\/wp-json\/wp\/v2\/types\/page"}],"author":[{"embeddable":true,"href":"https:\/\/www.andrewgrauman.com\/de\/wp-json\/wp\/v2\/users\/1"}],"replies":[{"embeddable":true,"href":"https:\/\/www.andrewgrauman.com\/de\/wp-json\/wp\/v2\/comments?post=9"}],"version-history":[{"count":21,"href":"https:\/\/www.andrewgrauman.com\/de\/wp-json\/wp\/v2\/pages\/9\/revisions"}],"predecessor-version":[{"id":3988,"href":"https:\/\/www.andrewgrauman.com\/de\/wp-json\/wp\/v2\/pages\/9\/revisions\/3988"}],"wp:attachment":[{"href":"https:\/\/www.andrewgrauman.com\/de\/wp-json\/wp\/v2\/media?parent=9"}],"curies":[{"name":"wp","href":"https:\/\/api.w.org\/{rel}","templated":true}]}}